{"id":65,"date":"2023-03-21T17:16:04","date_gmt":"2023-03-21T16:16:04","guid":{"rendered":"http:\/\/chevere56services.com\/?page_id=65"},"modified":"2023-06-15T16:13:26","modified_gmt":"2023-06-15T15:13:26","slug":"politica-de-privadesa","status":"publish","type":"page","link":"https:\/\/chevere56services.com\/ca\/politica-de-privadesa\/","title":{"rendered":"Pol\u00edtica de privadesa"},"content":{"rendered":"<p>[et_pb_section fb_built=&quot;1&quot; _builder_version=&quot;4.20.2&quot; _module_preset=&quot;default&quot; global_colors_info=&quot;{}&quot;][et_pb_row _builder_version=&quot;4.21.0&quot; _module_preset=&quot;default&quot; hover \u00bb custom_margin=&quot;150px||||false|false&quot; sticky_enabled=&quot;0&quot;][et_pb_column type=&quot;4_4&quot; _builder_version=&quot;4.20.2&quot; _module_preset=&quot;default&quot; global_colors_info=\u00bb{}\u00bb][et_pb 4.20.2\u2033 _module_preset=\u00bbdefault\u00bb global_colors_info=\u00bb{}\u00bb]<\/p>\n<div class=\"et_pb_module et_pb_post_title et_pb_post_title_0 et_pb_bg_layout_light  et_pb_text_align_left\">\n<div class=\"et_pb_title_container\">\n<h1 class=\"entry-title\">Pol\u00edtica de privadesa<\/h1>\n<\/div>\n<\/div>\n<div class=\"et_pb_module et_pb_text et_pb_text_0  et_pb_text_align_left et_pb_bg_layout_light\">\n<div class=\"et_pb_text_inner\">\n<h2>Qu\u00e8 s\u00f3n les\u00a0<em>cookies<\/em>?<\/h2>\n<p>Les\u00a0<em>cookies<\/em>\u00a0s\u00f3n petits fitxers de dades que es reben al terminal des del lloc web visitat i s&#039;usen per registrar certes interaccions de la navegaci\u00f3 en un lloc web emmagatzemant dades que podran ser actualitzades i recuperades. Aquests fitxers s&#039;emmagatzemen a l&#039;ordinador de l&#039;usuari i contenen dades an\u00f2nimes que no s\u00f3n perjudicials per al vostre equip. S&#039;utilitzen per recordar les prefer\u00e8ncies de l&#039;usuari, com ara l&#039;idioma seleccionat, les dades d&#039;acc\u00e9s o la personalitzaci\u00f3 de la p\u00e0gina.<\/p>\n<p>Les\u00a0<em>cookies<\/em>\u00a0tamb\u00e9 poden ser utilitzades per registrar informaci\u00f3 an\u00f2nima sobre com utilitza el lloc el visitant. Per exemple, des de quina p\u00e0gina web heu accedit o si heu utilitzat un banner publicitari per arribar-hi.<\/p>\n<h2>Per qu\u00e8 CHEVERE56SERVICES.COM utilitza<span>\u00a0<\/span><em>cookies<\/em>?<\/h2>\n<p>CHEVERE56SERVICES.COM utilitza<span>\u00a0<\/span><em>cookies<\/em>\u00a0estrictament necess\u00e0ries i essencials perqu\u00e8 utilitzeu els nostres llocs web i pugueu moure lliurement, utilitzar \u00e0rees segures, configurar opcions personalitzades, etc. A m\u00e9s, utilitza\u00a0<em>cookies<\/em>\u00a0que recullen dades relatives a lan\u00e0lisi d\u00fas de la web. S&#039;utilitzen per ajudar a millorar el servei per l&#039;usuari, mesurant l&#039;\u00fas i el rendiment de la p\u00e0gina per optimitzar-la i personalitzar-la.<\/p>\n<p>Els nostres llocs tamb\u00e9 poden tenir enlla\u00e7os de xarxes socials (com Facebook o Twitter). CHEVERE56SERVICES.COM no controla les<span>\u00a0<\/span><em>cookies<\/em> utilitzades per aquestes webs externes. Per a m\u00e9s informaci\u00f3 sobre les\u00a0<em>cookies<\/em>\u00a0de les xarxes socials o altres webs alienes, aconsellem que reviseu les vostres pr\u00f2pies pol\u00edtiques de\u00a0<em>cookies<\/em>.<\/p>\n<h2>Quin \u00fas donem als diferents tipus de\u00a0<em>cookies<\/em>?<\/h2>\n<h3>Segons la finalitat:<\/h3>\n<table>\n<colgroup>\n<col width=\"30%\" \/>\n<col width=\"70%\" \/><\/colgroup>\n<tbody>\n<tr>\n<td>Galetes t\u00e8cniques<\/td>\n<td>\n<p>Les\u00a0<em>cookies<\/em>\u00a0t\u00e8cniques s\u00f3n aquelles imprescindibles i estrictament necess\u00e0ries per al funcionament correcte d&#039;un portal web i la utilitzaci\u00f3 de les diferents opcions i serveis que ofereix.<\/p>\n<p>&nbsp;<\/p>\n<p>Per exemple, les que serveixen per al manteniment de la sessi\u00f3, gesti\u00f3 del temps de resposta, rendiment o validaci\u00f3 d&#039;opcions, \u00fas d&#039;elements de seguretat, compartici\u00f3 de contingut amb xarxes socials, etc.<\/p>\n<\/td>\n<\/tr>\n<tr>\n<td>Cookies de personalitzaci\u00f3<\/td>\n<td>Aquestes\u00a0<em>cookies<\/em>\u00a0permeten a lusuari especificar o personalitzar algunes caracter\u00edstiques de les opcions generals de la p\u00e0gina web. Per exemple, definiu l&#039;idioma, la configuraci\u00f3 regional o el tipus de navegador.<\/td>\n<\/tr>\n<tr>\n<td>Galetes anal\u00edtiques<\/td>\n<td>\n<p>Les\u00a0<em>cookies<\/em>\u00a0anal\u00edtiques s\u00f3n les utilitzades pels nostres portals web per elaborar perfils de navegaci\u00f3 i poder con\u00e8ixer les prefer\u00e8ncies dels usuaris per millorar l&#039;oferta de productes i serveis.<\/p>\n<p>&nbsp;<\/p>\n<p>Per exemple, mitjan\u00e7ant una\u00a0<em>galeta<\/em>\u00a0anal\u00edtica es controlarien les \u00e0rees geogr\u00e0fiques de m\u00e9s inter\u00e8s d&#039;un usuari, quin \u00e9s el producte de m\u00e9s acceptaci\u00f3, etc.<\/p>\n<\/td>\n<\/tr>\n<tr>\n<td>Cookies publicit\u00e0ries \/ de publicitat<\/td>\n<td>\n<p>Les\u00a0<em>cookies<\/em>\u00a0publicit\u00e0ries permeten la gesti\u00f3 dels espais publicitaris segons criteris concrets. Per exemple, la freq\u00fc\u00e8ncia dacc\u00e9s, contingut editat, etc.<\/p>\n<p>&nbsp;<\/p>\n<p>Les\u00a0<em>cookies<\/em>\u00a0publicit\u00e0ries permeten, a trav\u00e9s de la gesti\u00f3 de la publicitat, emmagatzemar informaci\u00f3 del comportament a trav\u00e9s de l&#039;observaci\u00f3 d&#039;h\u00e0bits, estudiant els accessos i formant un perfil de prefer\u00e8ncies de l&#039;usuari, per oferir publicitat relacionada amb els interessos del seu perfil.<\/p>\n<\/td>\n<\/tr>\n<\/tbody>\n<\/table>\n<h3>Segons termini:<\/h3>\n<table>\n<colgroup>\n<col width=\"30%\" \/>\n<col width=\"70%\" \/><\/colgroup>\n<tbody>\n<tr>\n<td>Galetes de sessi\u00f3<\/td>\n<td>Les\u00a0<em>cookies<\/em>\u00a0de sessi\u00f3 s\u00f3n aquelles que duren el temps que l&#039;usuari est\u00e0 navegant per la p\u00e0gina web i s&#039;esborren quan ho acaba de fer.<\/td>\n<\/tr>\n<tr>\n<td>Galetes persistents<\/td>\n<td>Aquestes\u00a0<em>cookies<\/em>\u00a0queden emmagatzemades al terminal de l&#039;usuari durant un temps m\u00e9s llarg, facilitant aix\u00ed el control de les prefer\u00e8ncies escollides sense haver de repetir certs par\u00e0metres cada vegada que es visiti el lloc web.<\/td>\n<\/tr>\n<\/tbody>\n<\/table>\n<h2>I si no vull tenir aquestes\u00a0<em>cookies<\/em>\u00a0o no faig res?<\/h2>\n<p>Per complir amb la legislaci\u00f3 vigent, hem de demanar perm\u00eds per gestionar\u00a0<em>cookies<\/em>. Si decidiu no autoritzar el tractament indicant-nos que no hi esteu d&#039;acord, nom\u00e9s utilitzar\u00edem les\u00a0<em>cookies<\/em>\u00a0t\u00e8cniques, ja que s\u00f3n imprescindibles per navegar per la nostra web. En aquest cas, no en emmagatzemar\u00edem cap<span>\u00a0<\/span><em>galeta<\/em>. Si continua navegant pel nostre lloc web sense denegar la seva autoritzaci\u00f3, aix\u00f2 implica que n&#039;accepta l&#039;\u00fas.<\/p>\n<p>Tingueu en compte que si rebutja o esborra les\u00a0<em>cookies<\/em>\u00a0de navegaci\u00f3 per la web, no podrem mantenir les seves prefer\u00e8ncies, algunes caracter\u00edstiques de les p\u00e0gines no estaran operatives, no podrem oferir-vos serveis personalitzats i cada vegada que navegueu per la nostra web haurem de sol\u00b7licitar-li de nou la vostra autoritzaci\u00f3 per a l&#039;\u00fas de\u00a0<em>cookies<\/em>.<\/p>\n<p>Si, tanmateix, decidiu modificar la configuraci\u00f3 del vostre acc\u00e9s a la p\u00e0gina web, heu de saber que \u00e9s possible eliminar les\u00a0<em>cookies<\/em>\u00a0o impedir que es registri aquesta informaci\u00f3 al vostre equip en qualsevol moment mitjan\u00e7ant la modificaci\u00f3 dels par\u00e0metres de configuraci\u00f3 del vostre navegador:<\/p>\n<ul>\n<li><a href=\"https:\/\/windows.microsoft.com\/es-es\/windows-vista\/block-or-allow-cookies\" target=\"_blanc\" rel=\"noopener noreferrer nofollow\">Configuraci\u00f3 de\u00a0<em>cookies<\/em>\u00a0d&#039;Internet Explorer<\/a><\/li>\n<li><a href=\"https:\/\/support.mozilla.org\/ca\/kb\/enable-and-disable-cookies-website-preferences\" target=\"_blanc\" rel=\"noopener noreferrer nofollow\">Configuraci\u00f3 de\u00a0<em>cookies<\/em>\u00a0del Firefox<\/a><\/li>\n<li><a href=\"https:\/\/support.google.com\/chrome\/answer\/95647?hl=ca\" target=\"_blanc\" rel=\"noopener noreferrer nofollow\">Configuraci\u00f3 de\u00a0<em>cookies<\/em>\u00a0de Google Chrome<\/a><\/li>\n<li><a href=\"https:\/\/support.apple.com\/kb\/HT1677?viewlocale=es_ES&amp;locale=es_ES\" target=\"_blanc\" rel=\"noopener noreferrer nofollow\">Configuraci\u00f3 de\u00a0<em>cookies<\/em>\u00a0de Safari<\/a><\/li>\n<\/ul>\n<p>Aquests navegadors estan sotmesos a actualitzacions o modificacions, per la qual cosa no podem garantir que s&#039;ajustin completament a la versi\u00f3 del vostre navegador. Tamb\u00e9 podeu utilitzar un altre navegador no contemplat en aquests enlla\u00e7os com Konqueror, Arora, Flock, etc. Per evitar aquests desajustaments, podeu accedir directament des de les opcions del vostre navegador que es troba generalment al men\u00fa d&#039;Opcions, a la secci\u00f3 de \u201cPrivadesa\u201d. (Si us plau, consulteu l&#039;ajuda del vostre navegador per a m\u00e9s informaci\u00f3.)<\/p>\n<h2>Les dades recollides a les\u00a0<em>cookies<\/em>, es fan servir en webs que no s\u00f3n de CHEVERE56SERVICES.COM?<\/h2>\n<p>Alguna de les nostres\u00a0<em>cookies<\/em><span>\u00a0<\/span>s&#039;utilitza per generar publicitat en xarxes de tercers o per fer anal\u00edtiques per a les quals utilitzem eines externes a CHEVERE56SERVICES.COM. Les <em>cookies<\/em>\u00a0utilitzades s\u00f3n per a \u00fas exclusiu del banc i el seu grup d&#039;empreses, que en cap cas no les comercialitza.<\/p>\n<p>A CHEVERE56SERVICES.COM treballem amb prove\u00efdors de confian\u00e7a que ens ajuden en la gesti\u00f3 i la personalitzaci\u00f3 de les nostres p\u00e0gines web.<\/p>\n<h2>Aleshores, qu\u00e8 significa la informaci\u00f3 anterior?<\/h2>\n<p>Si accepta les nostres\u00a0<em>cookies<\/em>, ens permet la millora de les webs de CHEVERE56SERVICES.COM per oferir-li un acc\u00e9s \u00f2ptim i donar-li un servei m\u00e9s efica\u00e7 i personalitzat.<\/p>\n<p>A m\u00e9s, podeu configurar el vostre navegador per establir que nom\u00e9s els llocs web de confian\u00e7a o les p\u00e0gines per les quals esteu navegant en aquell moment puguin gestionar\u00a0<em>cookies<\/em>, el que us permet seleccionar les vostres prefer\u00e8ncies.<\/p>\n<p>Amb aquesta pol\u00edtica, CHEVERE56SERVICES.COM demostra el comprom\u00eds adquirit amb la legislaci\u00f3 vigent sobre l&#039;\u00fas de<span>\u00a0<\/span><em>cookies<\/em>, donant-li informaci\u00f3 perqu\u00e8 vost\u00e8 pugui comprendre quin tipus de\u00a0<em>cookies<\/em>utilitzarem i per qu\u00e8 ho fem. Amb aix\u00f2 pretenem proporcionar transpar\u00e8ncia en relaci\u00f3 amb les dades tractades durant la navegaci\u00f3 feta des del seu equip a la nostra web.<\/p>\n<p>Aquesta pol\u00edtica es revisa peri\u00f2dicament per assegurar-ne la vig\u00e8ncia, per la qual cosa es pot modificar. Us recomanem que visiteu la p\u00e0gina amb regularitat, on us informarem de qualsevol actualitzaci\u00f3.<\/p>\n<h2>On puc obtenir m\u00e9s informaci\u00f3?<\/h2>\n<p>Si necessiteu obtenir m\u00e9s informaci\u00f3 sobre la directiva de\u00a0<em>cookies<\/em>, si us plau, consulteu el Butllet\u00ed Oficial de l&#039;Estat publicat el passat 31 de mar\u00e7 de 2012 (per a Espanya), en qu\u00e8 es transposen les directives en mat\u00e8ria de comunicacions electr\u00f2niques. Tamb\u00e9 es pot consultar la directiva a\u00a0<a href=\"https:\/\/ico.org.uk\/\" target=\"_blank\" rel=\"noopener noreferrer nofollow\">Information Commissioner Office<\/a>\u00a0(en angl\u00e8s).<\/p>\n<p>Addicionalment, podeu accedir a uns v\u00eddeos did\u00e0ctics publicats per l&#039;Ag\u00e8ncia Espanyola de Protecci\u00f3 de Dades on s&#039;explica, pas a pas, com<\/p>\n<\/div>\n<\/div>\n<p>[\/et_pb_text][\/et_pb_column][\/et_pb_row][\/et_pb_section]<\/p>","protected":false},"excerpt":{"rendered":"<p>Pol\u00edtica de privadesa Qu\u00e8 s\u00f3n les cookies? Les cookies s\u00f3n petits arxius de dades que es reben al terminal des del lloc web visitat i es fan servir per registrar certes interaccions de la navegaci\u00f3 en un lloc web emmagatzemant dades que podran ser actualitzades i recuperades. Aquests fitxers s&#039;emmagatzemen a l&#039;ordinador de l&#039;usuari i contenen [\u2026]<\/p>","protected":false},"author":1,"featured_media":0,"parent":0,"menu_order":0,"comment_status":"closed","ping_status":"closed","template":"","meta":{"_et_pb_use_builder":"on","_et_pb_old_content":"","_et_gb_content_width":"","footnotes":""},"class_list":["post-65","page","type-page","status-publish","hentry"],"rankMath":{"parentDomain":"chevere56services.com","noFollowDomains":[],"noFollowExcludeDomains":[],"noFollowExternalLinks":false,"featuredImageNotice":"The featured image should be at least 200 by 200 pixels to be picked up by Facebook and other social media sites.","pluginReviewed":true,"postSettings":{"linkSuggestions":true,"useFocusKeyword":false},"frontEndScore":false,"postName":"politica-de-privacidad","permalinkFormat":"https:\/\/chevere56services.com\/ca\/%pagename%\/","showLockModifiedDate":true,"assessor":{"focusKeywordLink":"https:\/\/chevere56services.com\/wp-admin\/edit.php?focus_keyword=%focus_keyword%&post_type=%post_type%","hasTOCPlugin":false,"primaryTaxonomy":false,"serpData":{"title":"","description":"","focusKeywords":"","pillarContent":false,"canonicalUrl":"","breadcrumbTitle":"","advancedRobots":[],"facebookTitle":"","facebookDescription":"","facebookImage":"","facebookImageID":"","facebookHasOverlay":false,"facebookImageOverlay":"","facebookAuthor":"","twitterCardType":"","twitterUseFacebook":true,"twitterTitle":"","twitterDescription":"","twitterImage":"","twitterImageID":"","twitterHasOverlay":false,"twitterImageOverlay":"","twitterPlayerUrl":"","twitterPlayerSize":"","twitterPlayerStream":"","twitterPlayerStreamCtype":"","twitterAppDescription":"","twitterAppIphoneName":"","twitterAppIphoneID":"","twitterAppIphoneUrl":"","twitterAppIpadName":"","twitterAppIpadID":"","twitterAppIpadUrl":"","twitterAppGoogleplayName":"","twitterAppGoogleplayID":"","twitterAppGoogleplayUrl":"","twitterAppCountry":"","robots":{"index":true},"twitterAuthor":"username","primaryTerm":0,"authorName":"francesc@articagency.com","titleTemplate":"%title% %sep% %sitename%","descriptionTemplate":"%excerpt%","showScoreFrontend":true,"lockModifiedDate":false},"powerWords":[],"diacritics":{"A":"[\\u0041\\u24B6\\uFF21\\u00C0\\u00C1\\u00C2\\u1EA6\\u1EA4\\u1EAA\\u1EA8\\u00C3\\u0100\\u0102\\u1EB0\\u1EAE\\u1EB4\\u1EB2\\u0226\\u01E0\\u00C4\\u01DE\\u1EA2\\u00C5\\u01FA\\u01CD\\u0200\\u0202\\u1EA0\\u1EAC\\u1EB6\\u1E00\\u0104\\u023A\\u2C6F]","AA":"[\\uA732]","AE":"[\\u00C6\\u01FC\\u01E2]","AO":"[\\uA734]","AU":"[\\uA736]","AV":"[\\uA738\\uA73A]","AY":"[\\uA73C]","B":"[\\u0042\\u24B7\\uFF22\\u1E02\\u1E04\\u1E06\\u0243\\u0182\\u0181]","C":"[\\u0043\\u24B8\\uFF23\\u0106\\u0108\\u010A\\u010C\\u00C7\\u1E08\\u0187\\u023B\\uA73E]","D":"[\\u0044\\u24B9\\uFF24\\u1E0A\\u010E\\u1E0C\\u1E10\\u1E12\\u1E0E\\u0110\\u018B\\u018A\\u0189\\uA779]","DZ":"[\\u01F1\\u01C4]","Dz":"[\\u01F2\\u01C5]","E":"[\\u0045\\u24BA\\uFF25\\u00C8\\u00C9\\u00CA\\u1EC0\\u1EBE\\u1EC4\\u1EC2\\u1EBC\\u0112\\u1E14\\u1E16\\u0114\\u0116\\u00CB\\u1EBA\\u011A\\u0204\\u0206\\u1EB8\\u1EC6\\u0228\\u1E1C\\u0118\\u1E18\\u1E1A\\u0190\\u018E]","F":"[\\u0046\\u24BB\\uFF26\\u1E1E\\u0191\\uA77B]","G":"[\\u0047\\u24BC\\uFF27\\u01F4\\u011C\\u1E20\\u011E\\u0120\\u01E6\\u0122\\u01E4\\u0193\\uA7A0\\uA77D\\uA77E]","H":"[\\u0048\\u24BD\\uFF28\\u0124\\u1E22\\u1E26\\u021E\\u1E24\\u1E28\\u1E2A\\u0126\\u2C67\\u2C75\\uA78D]","I":"[\\u0049\\u24BE\\uFF29\\u00CC\\u00CD\\u00CE\\u0128\\u012A\\u012C\\u0130\\u00CF\\u1E2E\\u1EC8\\u01CF\\u0208\\u020A\\u1ECA\\u012E\\u1E2C\\u0197]","J":"[\\u004A\\u24BF\\uFF2A\\u0134\\u0248]","K":"[\\u004B\\u24C0\\uFF2B\\u1E30\\u01E8\\u1E32\\u0136\\u1E34\\u0198\\u2C69\\uA740\\uA742\\uA744\\uA7A2]","L":"[\\u004C\\u24C1\\uFF2C\\u013F\\u0139\\u013D\\u1E36\\u1E38\\u013B\\u1E3C\\u1E3A\\u0141\\u023D\\u2C62\\u2C60\\uA748\\uA746\\uA780]","LJ":"[\\u01C7]","Lj":"[\\u01C8]","M":"[\\u004D\\u24C2\\uFF2D\\u1E3E\\u1E40\\u1E42\\u2C6E\\u019C]","N":"[\\u004E\\u24C3\\uFF2E\\u01F8\\u0143\\u00D1\\u1E44\\u0147\\u1E46\\u0145\\u1E4A\\u1E48\\u0220\\u019D\\uA790\\uA7A4]","NJ":"[\\u01CA]","Nj":"[\\u01CB]","O":"[\\u004F\\u24C4\\uFF2F\\u00D2\\u00D3\\u00D4\\u1ED2\\u1ED0\\u1ED6\\u1ED4\\u00D5\\u1E4C\\u022C\\u1E4E\\u014C\\u1E50\\u1E52\\u014E\\u022E\\u0230\\u00D6\\u022A\\u1ECE\\u0150\\u01D1\\u020C\\u020E\\u01A0\\u1EDC\\u1EDA\\u1EE0\\u1EDE\\u1EE2\\u1ECC\\u1ED8\\u01EA\\u01EC\\u00D8\\u01FE\\u0186\\u019F\\uA74A\\uA74C]","OI":"[\\u01A2]","OO":"[\\uA74E]","OU":"[\\u0222]","P":"[\\u0050\\u24C5\\uFF30\\u1E54\\u1E56\\u01A4\\u2C63\\uA750\\uA752\\uA754]","Q":"[\\u0051\\u24C6\\uFF31\\uA756\\uA758\\u024A]","R":"[\\u0052\\u24C7\\uFF32\\u0154\\u1E58\\u0158\\u0210\\u0212\\u1E5A\\u1E5C\\u0156\\u1E5E\\u024C\\u2C64\\uA75A\\uA7A6\\uA782]","S":"[\\u0053\\u24C8\\uFF33\\u1E9E\\u015A\\u1E64\\u015C\\u1E60\\u0160\\u1E66\\u1E62\\u1E68\\u0218\\u015E\\u2C7E\\uA7A8\\uA784]","T":"[\\u0054\\u24C9\\uFF34\\u1E6A\\u0164\\u1E6C\\u021A\\u0162\\u1E70\\u1E6E\\u0166\\u01AC\\u01AE\\u023E\\uA786]","TZ":"[\\uA728]","U":"[\\u0055\\u24CA\\uFF35\\u00D9\\u00DA\\u00DB\\u0168\\u1E78\\u016A\\u1E7A\\u016C\\u00DC\\u01DB\\u01D7\\u01D5\\u01D9\\u1EE6\\u016E\\u0170\\u01D3\\u0214\\u0216\\u01AF\\u1EEA\\u1EE8\\u1EEE\\u1EEC\\u1EF0\\u1EE4\\u1E72\\u0172\\u1E76\\u1E74\\u0244]","V":"[\\u0056\\u24CB\\uFF36\\u1E7C\\u1E7E\\u01B2\\uA75E\\u0245]","VY":"[\\uA760]","W":"[\\u0057\\u24CC\\uFF37\\u1E80\\u1E82\\u0174\\u1E86\\u1E84\\u1E88\\u2C72]","X":"[\\u0058\\u24CD\\uFF38\\u1E8A\\u1E8C]","Y":"[\\u0059\\u24CE\\uFF39\\u1EF2\\u00DD\\u0176\\u1EF8\\u0232\\u1E8E\\u0178\\u1EF6\\u1EF4\\u01B3\\u024E\\u1EFE]","Z":"[\\u005A\\u24CF\\uFF3A\\u0179\\u1E90\\u017B\\u017D\\u1E92\\u1E94\\u01B5\\u0224\\u2C7F\\u2C6B\\uA762]","a":"[\\u0061\\u24D0\\uFF41\\u1E9A\\u00E0\\u00E1\\u00E2\\u1EA7\\u1EA5\\u1EAB\\u1EA9\\u00E3\\u0101\\u0103\\u1EB1\\u1EAF\\u1EB5\\u1EB3\\u0227\\u01E1\\u00E4\\u01DF\\u1EA3\\u00E5\\u01FB\\u01CE\\u0201\\u0203\\u1EA1\\u1EAD\\u1EB7\\u1E01\\u0105\\u2C65\\u0250]","aa":"[\\uA733]","ae":"[\\u00E6\\u01FD\\u01E3]","ao":"[\\uA735]","au":"[\\uA737]","av":"[\\uA739\\uA73B]","ay":"[\\uA73D]","b":"[\\u0062\\u24D1\\uFF42\\u1E03\\u1E05\\u1E07\\u0180\\u0183\\u0253]","c":"[\\u0063\\u24D2\\uFF43\\u0107\\u0109\\u010B\\u010D\\u00E7\\u1E09\\u0188\\u023C\\uA73F\\u2184]","d":"[\\u0064\\u24D3\\uFF44\\u1E0B\\u010F\\u1E0D\\u1E11\\u1E13\\u1E0F\\u0111\\u018C\\u0256\\u0257\\uA77A]","dz":"[\\u01F3\\u01C6]","e":"[\\u0065\\u24D4\\uFF45\\u00E8\\u00E9\\u00EA\\u1EC1\\u1EBF\\u1EC5\\u1EC3\\u1EBD\\u0113\\u1E15\\u1E17\\u0115\\u0117\\u00EB\\u1EBB\\u011B\\u0205\\u0207\\u1EB9\\u1EC7\\u0229\\u1E1D\\u0119\\u1E19\\u1E1B\\u0247\\u025B\\u01DD]","f":"[\\u0066\\u24D5\\uFF46\\u1E1F\\u0192\\uA77C]","g":"[\\u0067\\u24D6\\uFF47\\u01F5\\u011D\\u1E21\\u011F\\u0121\\u01E7\\u0123\\u01E5\\u0260\\uA7A1\\u1D79\\uA77F]","h":"[\\u0068\\u24D7\\uFF48\\u0125\\u1E23\\u1E27\\u021F\\u1E25\\u1E29\\u1E2B\\u1E96\\u0127\\u2C68\\u2C76\\u0265]","hv":"[\\u0195]","i":"[\\u0069\\u24D8\\uFF49\\u00EC\\u00ED\\u00EE\\u0129\\u012B\\u012D\\u00EF\\u1E2F\\u1EC9\\u01D0\\u0209\\u020B\\u1ECB\\u012F\\u1E2D\\u0268\\u0131]","j":"[\\u006A\\u24D9\\uFF4A\\u0135\\u01F0\\u0249]","k":"[\\u006B\\u24DA\\uFF4B\\u1E31\\u01E9\\u1E33\\u0137\\u1E35\\u0199\\u2C6A\\uA741\\uA743\\uA745\\uA7A3]","l":"[\\u006C\\u24DB\\uFF4C\\u0140\\u013A\\u013E\\u1E37\\u1E39\\u013C\\u1E3D\\u1E3B\\u017F\\u0142\\u019A\\u026B\\u2C61\\uA749\\uA781\\uA747]","lj":"[\\u01C9]","m":"[\\u006D\\u24DC\\uFF4D\\u1E3F\\u1E41\\u1E43\\u0271\\u026F]","n":"[\\u006E\\u24DD\\uFF4E\\u01F9\\u0144\\u00F1\\u1E45\\u0148\\u1E47\\u0146\\u1E4B\\u1E49\\u019E\\u0272\\u0149\\uA791\\uA7A5]","nj":"[\\u01CC]","o":"[\\u006F\\u24DE\\uFF4F\\u00F2\\u00F3\\u00F4\\u1ED3\\u1ED1\\u1ED7\\u1ED5\\u00F5\\u1E4D\\u022D\\u1E4F\\u014D\\u1E51\\u1E53\\u014F\\u022F\\u0231\\u00F6\\u022B\\u1ECF\\u0151\\u01D2\\u020D\\u020F\\u01A1\\u1EDD\\u1EDB\\u1EE1\\u1EDF\\u1EE3\\u1ECD\\u1ED9\\u01EB\\u01ED\\u00F8\\u01FF\\u0254\\uA74B\\uA74D\\u0275]","oi":"[\\u01A3]","ou":"[\\u0223]","oo":"[\\uA74F]","p":"[\\u0070\\u24DF\\uFF50\\u1E55\\u1E57\\u01A5\\u1D7D\\uA751\\uA753\\uA755]","q":"[\\u0071\\u24E0\\uFF51\\u024B\\uA757\\uA759]","r":"[\\u0072\\u24E1\\uFF52\\u0155\\u1E59\\u0159\\u0211\\u0213\\u1E5B\\u1E5D\\u0157\\u1E5F\\u024D\\u027D\\uA75B\\uA7A7\\uA783]","s":"[\\u0073\\u24E2\\uFF53\\u015B\\u1E65\\u015D\\u1E61\\u0161\\u1E67\\u1E63\\u1E69\\u0219\\u015F\\u023F\\uA7A9\\uA785\\u1E9B]","ss":"[\\u00DF]","t":"[\\u0074\\u24E3\\uFF54\\u1E6B\\u1E97\\u0165\\u1E6D\\u021B\\u0163\\u1E71\\u1E6F\\u0167\\u01AD\\u0288\\u2C66\\uA787]","tz":"[\\uA729]","u":"[\\u0075\\u24E4\\uFF55\\u00F9\\u00FA\\u00FB\\u0169\\u1E79\\u016B\\u1E7B\\u016D\\u00FC\\u01DC\\u01D8\\u01D6\\u01DA\\u1EE7\\u016F\\u0171\\u01D4\\u0215\\u0217\\u01B0\\u1EEB\\u1EE9\\u1EEF\\u1EED\\u1EF1\\u1EE5\\u1E73\\u0173\\u1E77\\u1E75\\u0289]","v":"[\\u0076\\u24E5\\uFF56\\u1E7D\\u1E7F\\u028B\\uA75F\\u028C]","vy":"[\\uA761]","w":"[\\u0077\\u24E6\\uFF57\\u1E81\\u1E83\\u0175\\u1E87\\u1E85\\u1E98\\u1E89\\u2C73]","x":"[\\u0078\\u24E7\\uFF58\\u1E8B\\u1E8D]","y":"[\\u0079\\u24E8\\uFF59\\u1EF3\\u00FD\\u0177\\u1EF9\\u0233\\u1E8F\\u00FF\\u1EF7\\u1E99\\u1EF5\\u01B4\\u024F\\u1EFF]","z":"[\\u007A\\u24E9\\uFF5A\\u017A\\u1E91\\u017C\\u017E\\u1E93\\u1E95\\u01B6\\u0225\\u0240\\u2C6C\\uA763]"},"researchesTests":["contentHasTOC","contentHasShortParagraphs","contentHasAssets","keywordInTitle","keywordInMetaDescription","keywordInPermalink","keywordIn10Percent","keywordInContent","keywordInSubheadings","keywordInImageAlt","keywordDensity","keywordNotUsed","lengthContent","lengthPermalink","linksHasInternal","linksHasExternals","linksNotAllExternals","titleStartWithKeyword","titleSentiment","titleHasPowerWords","titleHasNumber","hasContentAI"],"hasRedirection":true,"hasBreadcrumb":true},"homeUrl":"https:\/\/chevere56services.com\/ca","objectID":65,"objectType":"post","locale":"ca","localeFull":"ca","overlayImages":{"play":{"name":"Play icon","url":"https:\/\/chevere56services.com\/wp-content\/plugins\/seo-by-rank-math\/assets\/admin\/img\/icon-play.png","path":"\/home\/u345236320\/domains\/chevere56services.com\/public_html\/wp-content\/plugins\/seo-by-rank-math\/assets\/admin\/img\/icon-play.png","position":"middle_center"},"gif":{"name":"GIF icon","url":"https:\/\/chevere56services.com\/wp-content\/plugins\/seo-by-rank-math\/assets\/admin\/img\/icon-gif.png","path":"\/home\/u345236320\/domains\/chevere56services.com\/public_html\/wp-content\/plugins\/seo-by-rank-math\/assets\/admin\/img\/icon-gif.png","position":"middle_center"}},"defautOgImage":"http:\/\/chevere56services.com\/wp-content\/uploads\/2023\/06\/chevereservices-logo-quadrat-vora.png","customPermalinks":true,"isUserRegistered":false,"autoSuggestKeywords":false,"connectSiteUrl":"https:\/\/rankmath.com\/auth?site=https%3A%2F%2Fchevere56services.com%2Fca&r=https%3A%2F%2Fchevere56services.com%2Fca%2Fwp-json%2Fwp%2Fv2%2Fpages%2F65%3Fnonce%3D7fbd3bd0bd&pro=1","maxTags":100,"trendsIcon":"<svg width=\"100%\" height=\"100%\" viewBox=\"0 0 36 36\" version=\"1.1\" xmlns=\"http:\/\/www.w3.org\/2000\/svg\" xmlns:xlink=\"http:\/\/www.w3.org\/1999\/xlink\" fit=\"\" preserveAspectRatio=\"xMidYMid meet\" focusable=\"false\">\n\t\t<g id=\"Page-1\" stroke=\"none\" stroke-width=\"1\" fill=\"none\" fill-rule=\"evenodd\">\n\t\t\t<g id=\"Trends-Arrow\">\n\t\t\t\t<g id=\"TrendsArrow\">\n\t\t\t\t\t<path d=\"M1.11227159,26.3181534 L10.2875029,17.1429221 L13.7152617,20.5706809 L4.5400304,29.7459122 C4.20518633,30.0807563 3.66229681,30.0807562 3.32745277,29.7459122 L1.11136262,27.529822 C0.776518575,27.194978 0.776518548,26.6520885 1.11136262,26.3172444 L1.11227159,26.3181534 Z\" id=\"Shape\" fill=\"#4285F4\" fill-rule=\"nonzero\"><\/path>\n\t\t\t\t\t<path d=\"M14.3201543,14.3211528 L22.283717,22.2847155 L19.4658829,25.1025495 C19.1310388,25.4373936 18.5881494,25.4373937 18.2533053,25.1025495 L10.2906516,17.1398959 L13.1084857,14.3220618 C13.4429747,13.987572 13.9851638,13.9871653 14.3201543,14.3211528 Z\" id=\"Shape\" fill=\"#EA4335\" fill-rule=\"nonzero\"><\/path>\n\t\t\t\t\t<polygon id=\"Rectangle-path\" fill=\"#FABB05\" fill-rule=\"nonzero\" points=\"18.8573051 18.8577571 28.2843236 9.43073862 31.7120824 12.8584974 22.2850639 22.2855159\"><\/polygon>\n\t\t\t\t\t<path d=\"M35.0711567,15.5054713 L35.0711567,7 L35.0711567,7 C35.0711567,6.44771525 34.6234415,6 34.0711567,6 L25.5656854,6 L25.5656854,6 C25.0134007,6 24.5656854,6.44771525 24.5656854,7 C24.5656854,7.26521649 24.6710423,7.5195704 24.8585786,7.70710678 L33.3640499,16.2125781 L33.3640499,16.2125781 C33.7545742,16.6031024 34.3877392,16.6031024 34.7782635,16.2125781 C34.9657999,16.0250417 35.0711567,15.7706878 35.0711567,15.5054713 Z\" id=\"Shape\" fill=\"#34A853\" fill-rule=\"nonzero\"><\/path>\n\t\t\t\t\t<rect id=\"Rectangle-path\" x=\"0\" y=\"0\" width=\"36\" height=\"36\"><\/rect>\n\t\t\t\t<\/g>\n\t\t\t<\/g>\n\t\t<\/g>\n\t<\/svg>","showScore":true,"siteFavIcon":"https:\/\/chevere56services.com\/wp-content\/uploads\/2023\/06\/cropped-chevereservices-logo-quadrat-vora-32x32.png","canUser":{"general":false,"advanced":false,"snippet":false,"social":false,"analysis":false,"analytics":false,"content_ai":false},"showKeywordIntent":true,"isPro":true,"is_front_page":false,"trendsUpgradeLink":"https:\/\/chevere56services.com\/wp-admin\/admin.php?page=rank-math&view=help","trendsUpgradeLabel":"Activate now","trendsPreviewImage":"https:\/\/chevere56services.com\/wp-content\/plugins\/seo-by-rank-math\/assets\/admin\/img\/trends-preview.jpg","currentEditor":false,"homepageData":{"assessor":{"powerWords":[],"diacritics":true,"researchesTests":["contentHasTOC","contentHasShortParagraphs","contentHasAssets","keywordInTitle","keywordInMetaDescription","keywordInPermalink","keywordIn10Percent","keywordInContent","keywordInSubheadings","keywordInImageAlt","keywordDensity","keywordNotUsed","lengthContent","lengthPermalink","linksHasInternal","linksHasExternals","linksNotAllExternals","titleStartWithKeyword","titleSentiment","titleHasPowerWords","titleHasNumber","hasContentAI"],"hasBreadcrumb":true,"serpData":{"title":"%sitename% %page% %sep% %sitedesc%","description":"","titleTemplate":"%sitename% %page% %sep% %sitedesc%","descriptionTemplate":"","focusKeywords":"","breadcrumbTitle":"Inicio","robots":{"index":true},"advancedRobots":[],"facebookTitle":"","facebookDescription":"","facebookImage":"","facebookImageID":""}}},"searchIntents":[],"isAnalyticsConnected":true,"tocTitle":"Tabla de contenidos","tocExcludeHeadings":[],"listStyle":"unordered"},"_links":{"self":[{"href":"https:\/\/chevere56services.com\/ca\/wp-json\/wp\/v2\/pages\/65","targetHints":{"allow":["GET"]}}],"collection":[{"href":"https:\/\/chevere56services.com\/ca\/wp-json\/wp\/v2\/pages"}],"about":[{"href":"https:\/\/chevere56services.com\/ca\/wp-json\/wp\/v2\/types\/page"}],"author":[{"embeddable":true,"href":"https:\/\/chevere56services.com\/ca\/wp-json\/wp\/v2\/users\/1"}],"replies":[{"embeddable":true,"href":"https:\/\/chevere56services.com\/ca\/wp-json\/wp\/v2\/comments?post=65"}],"version-history":[{"count":0,"href":"https:\/\/chevere56services.com\/ca\/wp-json\/wp\/v2\/pages\/65\/revisions"}],"wp:attachment":[{"href":"https:\/\/chevere56services.com\/ca\/wp-json\/wp\/v2\/media?parent=65"}],"curies":[{"name":"wp","href":"https:\/\/api.w.org\/{rel}","templated":true}]}}